{"id":71,"date":"2023-12-01T01:14:05","date_gmt":"2023-12-01T01:14:05","guid":{"rendered":"https:\/\/demosites.io\/web-agency-gb\/?page_id=71"},"modified":"2023-12-03T12:30:13","modified_gmt":"2023-12-03T12:30:13","slug":"sosyalmedyayonetimi","status":"publish","type":"page","link":"https:\/\/www.dokuzceyrek.com.tr\/index.php\/sosyalmedyayonetimi\/","title":{"rendered":"Sosyal Medya Y\u00f6netimi"},"content":{"rendered":"\n<div class=\"wp-block-cover alignfull\" style=\"min-height:320px;aspect-ratio:unset;\"><span aria-hidden=\"true\" class=\"wp-block-cover__background has-nv-site-bg-background-color has-background-dim-100 has-background-dim\"><\/span><div class=\"wp-block-cover__inner-container is-layout-flow wp-block-cover-is-layout-flow\">\n<div class=\"wp-block-group\"><div class=\"wp-block-group__inner-container is-layout-flow wp-block-group-is-layout-flow\">\n<div class=\"wp-block-columns are-vertically-aligned-center is-layout-flex wp-container-core-columns-is-layout-9d6595d7 wp-block-columns-is-layout-flex\">\n<div class=\"wp-block-column is-vertically-aligned-center is-layout-flow wp-block-column-is-layout-flow\" style=\"flex-basis:70%\">\n<h2 class=\"wp-block-heading has-text-align-left has-neve-text-color-color has-text-color\"><strong>SOSYAL MEDYA Y\u00d6NET\u0130M\u0130<\/strong><\/h2>\n\n\n\n<p class=\"has-neve-text-color-color has-text-color\" style=\"font-size:22px\">SOSYAL MEDYA Y\u00d6NET\u0130M\u0130 <strong><mark style=\"background-color:rgba(0, 0, 0, 0)\" class=\"has-inline-color has-neve-link-color-color\">|<\/mark><\/strong> \u0130\u00c7ER\u0130K \u00dcRET\u0130M\u0130 <strong><mark style=\"background-color:rgba(0, 0, 0, 0)\" class=\"has-inline-color has-neve-link-color-color\">|<\/mark><\/strong> HEDEF K\u0130TLE VE RAK\u0130P ANAL\u0130ZLER\u0130 <strong><mark style=\"background-color:rgba(0, 0, 0, 0)\" class=\"has-inline-color has-neve-link-color-color\">|<\/mark><\/strong> SPONSORLU REKLAM \u00c7ALI\u015eMALARI<\/p>\n<\/div>\n\n\n\n<div class=\"wp-block-column is-vertically-aligned-center is-layout-flow wp-block-column-is-layout-flow\" style=\"flex-basis:30%\"><\/div>\n<\/div>\n<\/div><\/div>\n<\/div><\/div>\n\n\n\n<div class=\"wp-block-cover alignfull\" style=\"min-height:600px;aspect-ratio:unset;\"><span aria-hidden=\"true\" class=\"wp-block-cover__background has-nv-light-bg-background-color has-background-dim-100 has-background-dim\"><\/span><div class=\"wp-block-cover__inner-container is-layout-flow wp-block-cover-is-layout-flow\">\n<div class=\"wp-block-group\"><div class=\"wp-block-group__inner-container is-layout-flow wp-block-group-is-layout-flow\">\n<div style=\"height:80px\" aria-hidden=\"true\" class=\"wp-block-spacer\"><\/div>\n\n\n\n<div class=\"wp-block-columns is-layout-flex wp-container-core-columns-is-layout-9d6595d7 wp-block-columns-is-layout-flex\">\n<div class=\"wp-block-column is-layout-flow wp-block-column-is-layout-flow\" style=\"flex-basis:63%\">\n<figure class=\"wp-block-image size-full\"><img loading=\"lazy\" decoding=\"async\" width=\"600\" height=\"600\" src=\"https:\/\/www.dokuzceyrek.com.tr\/wp-content\/uploads\/2023\/12\/Sosyal.jpg\" alt=\"\" class=\"wp-image-422\" style=\"aspect-ratio:1;object-fit:cover\" srcset=\"https:\/\/www.dokuzceyrek.com.tr\/wp-content\/uploads\/2023\/12\/Sosyal.jpg 600w, https:\/\/www.dokuzceyrek.com.tr\/wp-content\/uploads\/2023\/12\/Sosyal-300x300.jpg 300w, https:\/\/www.dokuzceyrek.com.tr\/wp-content\/uploads\/2023\/12\/Sosyal-150x150.jpg 150w\" sizes=\"auto, (max-width: 600px) 100vw, 600px\" \/><\/figure>\n\n\n\n<div style=\"height:40px\" aria-hidden=\"true\" class=\"wp-block-spacer\"><\/div>\n<\/div>\n\n\n\n<div class=\"wp-block-column is-layout-flow wp-block-column-is-layout-flow\" style=\"flex-basis:34%\">\n<p class=\"has-neve-text-color-color has-text-color\">Yerel bir i\u015fletmeniz mi var ? yada size \u00f6zel bir marka m\u0131 yaratt\u0131n\u0131z ? K\u0131sacas\u0131 g\u00fcn\u00fcm\u00fczde marka bilinirli\u011fini artt\u0131rmak ve bu sayede kazan\u00e7lar\u0131n\u0131z\u0131 \u00e7o\u011faltmak i\u00e7in yapman\u0131z gerekenlerin en ba\u015f\u0131nda do\u011fru bir sosyal medya y\u00f6netimi gelir.<\/p>\n\n\n\n<p class=\"has-neve-text-color-color has-text-color\">Sosyal medyan\u0131z\u0131n i\u00e7erikleri m\u00fc\u015fterilerinize sizin hakk\u0131n\u0131da en do\u011fru bilgiyi h\u0131zl\u0131 bir \u015fekilde ula\u015ft\u0131racakt\u0131r.Reklam maliyetleri g\u00f6z \u00f6n\u00fcne al\u0131nd\u0131\u011f\u0131nda daha d\u00fc\u015f\u00fck b\u00fct\u00e7elerle daha fazla ki\u015fiye ula\u015fma imkan\u0131 yine sosyal medya y\u00f6netiminden ge\u00e7mektedir.<\/p>\n\n\n\n<hr class=\"wp-block-separator has-text-color has-neve-text-color-color has-css-opacity has-neve-text-color-background-color has-background is-style-default\"\/>\n\n\n\n<figure class=\"wp-block-image size-large\"><img loading=\"lazy\" decoding=\"async\" width=\"1024\" height=\"143\" src=\"https:\/\/www.dokuzceyrek.com.tr\/wp-content\/uploads\/2023\/12\/DC-Logo-1-1024x143.png\" alt=\"\" class=\"wp-image-438\" srcset=\"https:\/\/www.dokuzceyrek.com.tr\/wp-content\/uploads\/2023\/12\/DC-Logo-1-1024x143.png 1024w, https:\/\/www.dokuzceyrek.com.tr\/wp-content\/uploads\/2023\/12\/DC-Logo-1-300x42.png 300w, https:\/\/www.dokuzceyrek.com.tr\/wp-content\/uploads\/2023\/12\/DC-Logo-1-768x107.png 768w, https:\/\/www.dokuzceyrek.com.tr\/wp-content\/uploads\/2023\/12\/DC-Logo-1-1536x214.png 1536w, https:\/\/www.dokuzceyrek.com.tr\/wp-content\/uploads\/2023\/12\/DC-Logo-1-2048x286.png 2048w\" sizes=\"auto, (max-width: 1024px) 100vw, 1024px\" \/><\/figure>\n\n\n\n<p><\/p>\n\n\n\n<p class=\"has-neve-text-color-color has-text-color\">Alanlar\u0131nda uzman ; foto\u011fraf\u00e7\u0131 , video kameraman , grafiker ve kurgu-montaj ekibimizle standart y\u00f6netilen bir sosyal medyan\u0131n aksine telif haklar\u0131 al\u0131nm\u0131\u015f m\u00fczikler ve kaliteli g\u00f6rseller e\u015fli\u011finde do\u011fru bir sosyal medya y\u00f6netimi. Ba\u015fta Mersin olmak \u00fczere T\u00fcrkiye&#8217;nin her \u015fehrinde sosyal medya y\u00f6netimi.<\/p>\n\n\n\n<p class=\"has-neve-text-color-color has-text-color\"><mark style=\"background-color:rgba(0, 0, 0, 0)\" class=\"has-inline-color has-neve-link-color-color\">Daha Detayl\u0131 Bilgi Almak \u0130\u00e7in Bizimle \u0130leti\u015fime Ge\u00e7in<\/mark><\/p>\n<\/div>\n<\/div>\n\n\n\n<div style=\"height:40px\" aria-hidden=\"true\" class=\"wp-block-spacer\"><\/div>\n<\/div><\/div>\n<\/div><\/div>\n\n\n\n<div class=\"wp-block-cover alignfull\" style=\"min-height:1181px;aspect-ratio:unset;\"><span aria-hidden=\"true\" class=\"wp-block-cover__background has-nv-site-bg-background-color has-background-dim-100 has-background-dim\"><\/span><div class=\"wp-block-cover__inner-container is-layout-flow wp-block-cover-is-layout-flow\">\n<div class=\"wp-block-group\"><div class=\"wp-block-group__inner-container is-layout-flow wp-block-group-is-layout-flow\">\n<p>Bilinen sosyal medya y\u00f6netim y\u00f6ntemlerinin aksine b\u00fct\u00e7enizi do\u011fru bir \u015fekilde kullanarak hem \u00fcretti\u011finiz i\u00e7eri\u011fin kalitesi hemde ula\u015fmaya \u00e7al\u0131\u015ft\u0131\u011f\u0131n\u0131z hedef kitlenin do\u011frulu\u011fu ile ba\u015far\u0131ya ula\u015fman\u0131z \u00e7ok daha h\u0131zl\u0131 olacakt\u0131r. Ekip olarak sundu\u011fumuz bu \u00e7al\u0131\u015fmalar i\u015fletmenizin hedef kitle ve rakip analizlerini alarak planlanan yolda yap\u0131lmaktad\u0131r.Ayr\u0131ca sosyal medya y\u00f6netimi i\u00e7in \u00fcretmi\u015f oldu\u011fumuz i\u00e7erikler son teknolojik g\u00f6r\u00fcnt\u00fclemem ve ses ekipmanlar\u0131 ile sa\u011flanmaktad\u0131r. Bu da sizin sosyal medya hesab\u0131n\u0131z\u0131 rakiplerinizin \u00f6n\u00fcne ge\u00e7irecektir.<\/p>\n\n\n\n<h2 class=\"wp-block-heading has-neve-text-color-color has-text-color\"><mark style=\"background-color:rgba(0, 0, 0, 0)\" class=\"has-inline-color has-neve-link-color-color\">REFERANSLARIMIZ<\/mark><\/h2>\n\n\n\n<div style=\"height:20px\" aria-hidden=\"true\" class=\"wp-block-spacer\"><\/div>\n\n\n\n<div class=\"wp-block-columns are-vertically-aligned-center is-layout-flex wp-container-core-columns-is-layout-9d6595d7 wp-block-columns-is-layout-flex\">\n<div class=\"wp-block-column is-vertically-aligned-center is-layout-flow wp-block-column-is-layout-flow\" style=\"flex-basis:50%\">\n<figure class=\"wp-block-image size-full\"><img loading=\"lazy\" decoding=\"async\" width=\"600\" height=\"600\" src=\"https:\/\/www.dokuzceyrek.com.tr\/wp-content\/uploads\/2023\/12\/referanssosyal.jpg\" alt=\"\" class=\"wp-image-447\" srcset=\"https:\/\/www.dokuzceyrek.com.tr\/wp-content\/uploads\/2023\/12\/referanssosyal.jpg 600w, https:\/\/www.dokuzceyrek.com.tr\/wp-content\/uploads\/2023\/12\/referanssosyal-300x300.jpg 300w, https:\/\/www.dokuzceyrek.com.tr\/wp-content\/uploads\/2023\/12\/referanssosyal-150x150.jpg 150w\" sizes=\"auto, (max-width: 600px) 100vw, 600px\" \/><\/figure>\n\n\n\n<div style=\"height:40px\" aria-hidden=\"true\" class=\"wp-block-spacer\"><\/div>\n<\/div>\n\n\n\n<div class=\"wp-block-column is-vertically-aligned-center is-layout-flow wp-block-column-is-layout-flow\" style=\"flex-basis:50%\">\n<figure class=\"wp-block-image size-full\"><img loading=\"lazy\" decoding=\"async\" width=\"600\" height=\"600\" src=\"https:\/\/www.dokuzceyrek.com.tr\/wp-content\/uploads\/2023\/12\/Sosyalmedyasayfasi.jpg\" alt=\"\" class=\"wp-image-445\" srcset=\"https:\/\/www.dokuzceyrek.com.tr\/wp-content\/uploads\/2023\/12\/Sosyalmedyasayfasi.jpg 600w, https:\/\/www.dokuzceyrek.com.tr\/wp-content\/uploads\/2023\/12\/Sosyalmedyasayfasi-300x300.jpg 300w, https:\/\/www.dokuzceyrek.com.tr\/wp-content\/uploads\/2023\/12\/Sosyalmedyasayfasi-150x150.jpg 150w\" sizes=\"auto, (max-width: 600px) 100vw, 600px\" \/><\/figure>\n\n\n\n<div style=\"height:40px\" aria-hidden=\"true\" class=\"wp-block-spacer\"><\/div>\n<\/div>\n<\/div>\n<\/div><\/div>\n\n\n\n<div class=\"wp-block-buttons is-content-justification-center is-layout-flex wp-container-core-buttons-is-layout-16018d1d wp-block-buttons-is-layout-flex\">\n<div class=\"wp-block-button\"><a class=\"wp-block-button__link wp-element-button\" href=\"https:\/\/www.instagram.com\/dokuzceyrekmedya\/\" target=\"_blank\" rel=\"noreferrer noopener\"><mark style=\"background-color:rgba(0, 0, 0, 0)\" class=\"has-inline-color has-neve-link-color-color\">INSTAGRAM HESABIMIZ \u0130\u00c7\u0130N TIKLAYIN<\/mark><\/a><\/div>\n<\/div>\n<\/div><\/div>\n\n\n\n<div id=\"wp-block-themeisle-blocks-slider-f5e17ffe\" class=\"wp-block-themeisle-blocks-slider glide\" data-per-view=\"1\" data-gap=\"0\" data-peek=\"0\" data-autoplay=\"true\" data-height=\"200px\" data-hide-arrows=\"true\"><div class=\"glide__track\" data-glide-el=\"track\"><div class=\"glide__slides\"><div class=\"wp-block-themeisle-blocks-slider-item-wrapper glide__slide\" tabindex=\"0\"><figure><img decoding=\"async\" class=\"wp-block-themeisle-blocks-slider-item\" src=\"https:\/\/www.dokuzceyrek.com.tr\/wp-content\/uploads\/2023\/12\/R2.jpg\" alt=\"\" title=\"\" data-id=\"484\"\/><\/figure><\/div><div class=\"wp-block-themeisle-blocks-slider-item-wrapper glide__slide\" tabindex=\"0\"><figure><img decoding=\"async\" class=\"wp-block-themeisle-blocks-slider-item\" src=\"https:\/\/www.dokuzceyrek.com.tr\/wp-content\/uploads\/2023\/12\/R1.jpg\" alt=\"\" title=\"\" data-id=\"483\"\/><\/figure><\/div><\/div><div class=\"glide__bullets\" data-glide-el=\"controls[nav]\"><button class=\"glide__bullet\" data-glide-dir=\"=0\"><\/button><button class=\"glide__bullet\" data-glide-dir=\"=1\"><\/button><\/div><\/div><\/div>\n\n\n\n<p><\/p>\n\n\n\n<div class=\"wp-block-cover alignfull\" style=\"min-height:300px;aspect-ratio:unset;\"><span aria-hidden=\"true\" class=\"wp-block-cover__background has-nv-dark-bg-background-color has-background-dim-100 has-background-dim\"><\/span><div class=\"wp-block-cover__inner-container is-layout-flow wp-block-cover-is-layout-flow\">\n<div style=\"height:140px\" aria-hidden=\"true\" class=\"wp-block-spacer\"><\/div>\n\n\n\n<h2 class=\"wp-block-heading has-text-align-center has-nv-text-dark-bg-color has-text-color\"><mark style=\"background-color:rgba(0, 0, 0, 0)\" class=\"has-inline-color has-neve-link-color-color\">Sosyal Medya Y\u00f6netimi <br><\/mark>Hakk\u0131nda Bilgi ve Fiyat Almak \u0130\u00e7in<\/h2>\n\n\n\n<p class=\"has-text-align-center\">Bizimle Whatsapp \u00dczerinden yada Telefon \u0130le \u0130leti\u015fime Ge\u00e7ebilirsiniz.<\/p>\n\n\n\n<div class=\"wp-block-buttons is-horizontal is-content-justification-center is-layout-flex wp-container-core-buttons-is-layout-499968f5 wp-block-buttons-is-layout-flex\">\n<div class=\"wp-block-button is-style-primary\"><a class=\"wp-block-button__link wp-element-button\" href=\"http:\/\/wa.me\/+905416808889\" target=\"_blank\" rel=\"noreferrer noopener\">WHATSAPP<\/a><\/div>\n<\/div>\n\n\n\n<div style=\"height:140px\" aria-hidden=\"true\" class=\"wp-block-spacer\"><\/div>\n<\/div><\/div>\n","protected":false},"excerpt":{"rendered":"","protected":false},"author":1,"featured_media":0,"parent":0,"menu_order":0,"comment_status":"closed","ping_status":"closed","template":"","meta":{"neve_meta_sidebar":"default","neve_meta_container":"","neve_meta_enable_content_width":"on","neve_meta_content_width":100,"neve_meta_title_alignment":"","neve_meta_author_avatar":"","neve_post_elements_order":"","neve_meta_disable_header":"","neve_meta_disable_footer":"","neve_meta_disable_title":"on","neve_meta_reading_time":"","_themeisle_gutenberg_block_has_review":false,"footnotes":""},"class_list":["post-71","page","type-page","status-publish","hentry"],"_links":{"self":[{"href":"https:\/\/www.dokuzceyrek.com.tr\/index.php\/wp-json\/wp\/v2\/pages\/71","targetHints":{"allow":["GET"]}}],"collection":[{"href":"https:\/\/www.dokuzceyrek.com.tr\/index.php\/wp-json\/wp\/v2\/pages"}],"about":[{"href":"https:\/\/www.dokuzceyrek.com.tr\/index.php\/wp-json\/wp\/v2\/types\/page"}],"author":[{"embeddable":true,"href":"https:\/\/www.dokuzceyrek.com.tr\/index.php\/wp-json\/wp\/v2\/users\/1"}],"replies":[{"embeddable":true,"href":"https:\/\/www.dokuzceyrek.com.tr\/index.php\/wp-json\/wp\/v2\/comments?post=71"}],"version-history":[{"count":15,"href":"https:\/\/www.dokuzceyrek.com.tr\/index.php\/wp-json\/wp\/v2\/pages\/71\/revisions"}],"predecessor-version":[{"id":491,"href":"https:\/\/www.dokuzceyrek.com.tr\/index.php\/wp-json\/wp\/v2\/pages\/71\/revisions\/491"}],"wp:attachment":[{"href":"https:\/\/www.dokuzceyrek.com.tr\/index.php\/wp-json\/wp\/v2\/media?parent=71"}],"curies":[{"name":"wp","href":"https:\/\/api.w.org\/{rel}","templated":true}]}}