{"id":69,"date":"2020-01-27T08:05:29","date_gmt":"2020-01-27T08:05:29","guid":{"rendered":"https:\/\/demosites.io\/web-agency-gb\/?page_id=69"},"modified":"2023-12-03T16:54:47","modified_gmt":"2023-12-03T16:54:47","slug":"kurumsal","status":"publish","type":"page","link":"https:\/\/www.dokuzceyrek.com.tr\/index.php\/kurumsal\/","title":{"rendered":"Kurumsal"},"content":{"rendered":"\n<div class=\"wp-block-cover alignfull\" style=\"min-height:300px;aspect-ratio:unset;\"><span aria-hidden=\"true\" class=\"wp-block-cover__background has-nv-site-bg-background-color has-background-dim-100 has-background-dim\"><\/span><div class=\"wp-block-cover__inner-container is-layout-flow wp-block-cover-is-layout-flow\">\n<div class=\"wp-block-group\"><div class=\"wp-block-group__inner-container is-layout-flow wp-block-group-is-layout-flow\">\n<h1 class=\"wp-block-heading has-text-align-left has-neve-text-color-color has-text-color\"><mark style=\"background-color:rgba(0, 0, 0, 0)\" class=\"has-inline-color has-neve-link-color-color\">KURUMSAL \u0130\u00c7ER\u0130KLER<\/mark><\/h1>\n<\/div><\/div>\n<\/div><\/div>\n\n\n\n<div class=\"wp-block-cover alignfull\" style=\"min-height:600px;aspect-ratio:unset;\"><span aria-hidden=\"true\" class=\"wp-block-cover__background has-nv-light-bg-background-color has-background-dim-100 has-background-dim\"><\/span><div class=\"wp-block-cover__inner-container is-layout-flow wp-block-cover-is-layout-flow\">\n<div class=\"wp-block-group\"><div class=\"wp-block-group__inner-container is-layout-flow wp-block-group-is-layout-flow\">\n<div style=\"height:80px\" aria-hidden=\"true\" class=\"wp-block-spacer\"><\/div>\n\n\n\n<div class=\"wp-block-columns are-vertically-aligned-center is-layout-flex wp-container-core-columns-is-layout-9d6595d7 wp-block-columns-is-layout-flex\">\n<div class=\"wp-block-column is-vertically-aligned-center is-layout-flow wp-block-column-is-layout-flow\" style=\"flex-basis:50%\">\n<figure class=\"wp-block-image size-full\"><img loading=\"lazy\" decoding=\"async\" width=\"600\" height=\"600\" src=\"https:\/\/www.dokuzceyrek.com.tr\/wp-content\/uploads\/2023\/12\/Sosyal.jpg\" alt=\"\" class=\"wp-image-422\" srcset=\"https:\/\/www.dokuzceyrek.com.tr\/wp-content\/uploads\/2023\/12\/Sosyal.jpg 600w, https:\/\/www.dokuzceyrek.com.tr\/wp-content\/uploads\/2023\/12\/Sosyal-300x300.jpg 300w, https:\/\/www.dokuzceyrek.com.tr\/wp-content\/uploads\/2023\/12\/Sosyal-150x150.jpg 150w\" sizes=\"auto, (max-width: 600px) 100vw, 600px\" \/><\/figure>\n\n\n\n<div style=\"height:24px\" aria-hidden=\"true\" class=\"wp-block-spacer\"><\/div>\n\n\n\n<h3 class=\"wp-block-heading has-text-align-center has-neve-text-color-color has-text-color\"><mark style=\"background-color:rgba(0, 0, 0, 0)\" class=\"has-inline-color has-neve-link-color-color\">SOSYAL MEDYA Y\u00d6NET\u0130M\u0130<\/mark><\/h3>\n\n\n\n<p class=\"has-text-align-center has-neve-text-color-color has-text-color\">Lorem ipsum dolor sit amet, consectetur adipiscing elit. Ut elit tellus, luctus nec ullamcorper mattis.<\/p>\n\n\n\n<div class=\"wp-block-buttons is-content-justification-center is-layout-flex wp-container-core-buttons-is-layout-16018d1d wp-block-buttons-is-layout-flex\">\n<div class=\"wp-block-button is-style-primary\"><a class=\"wp-block-button__link wp-element-button\" href=\"https:\/\/www.dokuzceyrek.com.tr\/index.php\/sosyalmedyayonetimi\/\">DETAYLAR<\/a><\/div>\n<\/div>\n\n\n\n<div style=\"height:40px\" aria-hidden=\"true\" class=\"wp-block-spacer\"><\/div>\n<\/div>\n\n\n\n<div class=\"wp-block-column is-vertically-aligned-center is-layout-flow wp-block-column-is-layout-flow\" style=\"flex-basis:50%\">\n<figure class=\"wp-block-image size-full\"><img loading=\"lazy\" decoding=\"async\" width=\"600\" height=\"600\" src=\"https:\/\/www.dokuzceyrek.com.tr\/wp-content\/uploads\/2023\/12\/cekim.jpg\" alt=\"\" class=\"wp-image-423\" srcset=\"https:\/\/www.dokuzceyrek.com.tr\/wp-content\/uploads\/2023\/12\/cekim.jpg 600w, https:\/\/www.dokuzceyrek.com.tr\/wp-content\/uploads\/2023\/12\/cekim-300x300.jpg 300w, https:\/\/www.dokuzceyrek.com.tr\/wp-content\/uploads\/2023\/12\/cekim-150x150.jpg 150w\" sizes=\"auto, (max-width: 600px) 100vw, 600px\" \/><\/figure>\n\n\n\n<div style=\"height:24px\" aria-hidden=\"true\" class=\"wp-block-spacer\"><\/div>\n\n\n\n<h3 class=\"wp-block-heading has-text-align-center has-neve-text-color-color has-text-color\"><mark style=\"background-color:rgba(0, 0, 0, 0)\" class=\"has-inline-color has-neve-link-color-color\">FOTO\u011eRAF VE V\u0130DEO \u00c7EK\u0130MLER\u0130<\/mark><\/h3>\n\n\n\n<p class=\"has-text-align-center has-neve-text-color-color has-text-color\">Lorem ipsum dolor sit amet, consectetur adipiscing elit. Ut elit tellus, luctus nec ullamcorper mattis.<\/p>\n\n\n\n<div class=\"wp-block-buttons is-content-justification-center is-layout-flex wp-container-core-buttons-is-layout-16018d1d wp-block-buttons-is-layout-flex\">\n<div class=\"wp-block-button is-style-primary\"><a class=\"wp-block-button__link wp-element-button\" href=\"https:\/\/www.dokuzceyrek.com.tr\/index.php\/fotograf-video-cekimleri\/\">DETAYLAR<\/a><\/div>\n<\/div>\n\n\n\n<div style=\"height:40px\" aria-hidden=\"true\" class=\"wp-block-spacer\"><\/div>\n<\/div>\n<\/div>\n\n\n\n<div style=\"height:40px\" aria-hidden=\"true\" class=\"wp-block-spacer\"><\/div>\n<\/div><\/div>\n<\/div><\/div>\n\n\n\n<div class=\"wp-block-cover alignfull\" style=\"min-height:600px;aspect-ratio:unset;\"><span aria-hidden=\"true\" class=\"wp-block-cover__background has-nv-site-bg-background-color has-background-dim-100 has-background-dim\"><\/span><div class=\"wp-block-cover__inner-container is-layout-flow wp-block-cover-is-layout-flow\">\n<div class=\"wp-block-group\"><div class=\"wp-block-group__inner-container is-layout-flow wp-block-group-is-layout-flow\">\n<div style=\"height:80px\" aria-hidden=\"true\" class=\"wp-block-spacer\"><\/div>\n\n\n\n<div class=\"wp-block-columns are-vertically-aligned-center is-layout-flex wp-container-core-columns-is-layout-9d6595d7 wp-block-columns-is-layout-flex\">\n<div class=\"wp-block-column is-vertically-aligned-center is-layout-flow wp-block-column-is-layout-flow\" style=\"flex-basis:50%\">\n<figure class=\"wp-block-image size-full\"><img loading=\"lazy\" decoding=\"async\" width=\"600\" height=\"600\" src=\"https:\/\/www.dokuzceyrek.com.tr\/wp-content\/uploads\/2023\/12\/neve-web-design-bg-10.jpg\" alt=\"\" class=\"wp-image-418\" srcset=\"https:\/\/www.dokuzceyrek.com.tr\/wp-content\/uploads\/2023\/12\/neve-web-design-bg-10.jpg 600w, https:\/\/www.dokuzceyrek.com.tr\/wp-content\/uploads\/2023\/12\/neve-web-design-bg-10-300x300.jpg 300w, https:\/\/www.dokuzceyrek.com.tr\/wp-content\/uploads\/2023\/12\/neve-web-design-bg-10-150x150.jpg 150w\" sizes=\"auto, (max-width: 600px) 100vw, 600px\" \/><\/figure>\n\n\n\n<div style=\"height:24px\" aria-hidden=\"true\" class=\"wp-block-spacer\"><\/div>\n\n\n\n<h3 class=\"wp-block-heading has-text-align-center has-neve-text-color-color has-text-color\"><mark style=\"background-color:rgba(0, 0, 0, 0)\" class=\"has-inline-color has-neve-link-color-color\">KURUMSAL K\u0130ML\u0130K \u00c7ALI\u015eMALARI<\/mark><\/h3>\n\n\n\n<p class=\"has-text-align-center has-neve-text-color-color has-text-color\">Lorem ipsum dolor sit amet, consectetur adipiscing elit. Ut elit tellus, luctus nec ullamcorper mattis.<\/p>\n\n\n\n<div class=\"wp-block-buttons is-content-justification-center is-layout-flex wp-container-core-buttons-is-layout-16018d1d wp-block-buttons-is-layout-flex\">\n<div class=\"wp-block-button is-style-primary\"><a class=\"wp-block-button__link wp-element-button\" href=\"https:\/\/www.dokuzceyrek.com.tr\/index.php\/kurumsal-kimlik\/\">DETAYLAR<\/a><\/div>\n<\/div>\n\n\n\n<div style=\"height:40px\" aria-hidden=\"true\" class=\"wp-block-spacer\"><\/div>\n<\/div>\n\n\n\n<div class=\"wp-block-column is-vertically-aligned-center is-layout-flow wp-block-column-is-layout-flow\" style=\"flex-basis:50%\">\n<figure class=\"wp-block-image size-large\"><img loading=\"lazy\" decoding=\"async\" width=\"1024\" height=\"1024\" src=\"https:\/\/www.dokuzceyrek.com.tr\/wp-content\/uploads\/2023\/12\/2keyboard-www-1024x1024.jpg\" alt=\"\" class=\"wp-image-428\" srcset=\"https:\/\/www.dokuzceyrek.com.tr\/wp-content\/uploads\/2023\/12\/2keyboard-www-1024x1024.jpg 1024w, https:\/\/www.dokuzceyrek.com.tr\/wp-content\/uploads\/2023\/12\/2keyboard-www-300x300.jpg 300w, https:\/\/www.dokuzceyrek.com.tr\/wp-content\/uploads\/2023\/12\/2keyboard-www-150x150.jpg 150w, https:\/\/www.dokuzceyrek.com.tr\/wp-content\/uploads\/2023\/12\/2keyboard-www-768x768.jpg 768w, https:\/\/www.dokuzceyrek.com.tr\/wp-content\/uploads\/2023\/12\/2keyboard-www-1536x1536.jpg 1536w, https:\/\/www.dokuzceyrek.com.tr\/wp-content\/uploads\/2023\/12\/2keyboard-www-2048x2048.jpg 2048w\" sizes=\"auto, (max-width: 1024px) 100vw, 1024px\" \/><\/figure>\n\n\n\n<div style=\"height:24px\" aria-hidden=\"true\" class=\"wp-block-spacer\"><\/div>\n\n\n\n<h3 class=\"wp-block-heading has-text-align-center has-neve-text-color-color has-text-color\"><mark style=\"background-color:rgba(0, 0, 0, 0)\" class=\"has-inline-color has-neve-link-color-color\">WEB S\u0130TE &amp; GRAF\u0130K TASARIMLAR<\/mark><\/h3>\n\n\n\n<p class=\"has-text-align-center has-neve-text-color-color has-text-color\">Lorem ipsum dolor sit amet, consectetur adipiscing elit. Ut elit tellus, luctus nec ullamcorper mattis.<\/p>\n\n\n\n<div class=\"wp-block-buttons is-content-justification-center is-layout-flex wp-container-core-buttons-is-layout-16018d1d wp-block-buttons-is-layout-flex\">\n<div class=\"wp-block-button is-style-primary\"><a class=\"wp-block-button__link wp-element-button\" href=\"https:\/\/www.dokuzceyrek.com.tr\/index.php\/web-grafik-tasarim\/\">DETAYLAR<\/a><\/div>\n<\/div>\n\n\n\n<div style=\"height:40px\" aria-hidden=\"true\" class=\"wp-block-spacer\"><\/div>\n<\/div>\n<\/div>\n\n\n\n<div style=\"height:40px\" aria-hidden=\"true\" class=\"wp-block-spacer\"><\/div>\n<\/div><\/div>\n<\/div><\/div>\n\n\n\n<div class=\"wp-block-cover alignfull\" style=\"min-height:300px;aspect-ratio:unset;\"><span aria-hidden=\"true\" class=\"wp-block-cover__background has-nv-dark-bg-background-color has-background-dim-100 has-background-dim\"><\/span><div class=\"wp-block-cover__inner-container is-layout-flow wp-block-cover-is-layout-flow\"><div class=\"wp-block-image is-style-rounded\">\n<figure class=\"aligncenter size-large is-resized\"><img loading=\"lazy\" decoding=\"async\" width=\"1024\" height=\"614\" src=\"https:\/\/www.dokuzceyrek.com.tr\/wp-content\/uploads\/2023\/12\/DokuzCeyrek-Logo-Beyaz-1024x614.png\" alt=\"\" class=\"wp-image-10\" style=\"aspect-ratio:1;object-fit:contain;width:200px\" srcset=\"https:\/\/www.dokuzceyrek.com.tr\/wp-content\/uploads\/2023\/12\/DokuzCeyrek-Logo-Beyaz-1024x614.png 1024w, https:\/\/www.dokuzceyrek.com.tr\/wp-content\/uploads\/2023\/12\/DokuzCeyrek-Logo-Beyaz-300x180.png 300w, https:\/\/www.dokuzceyrek.com.tr\/wp-content\/uploads\/2023\/12\/DokuzCeyrek-Logo-Beyaz-768x461.png 768w, https:\/\/www.dokuzceyrek.com.tr\/wp-content\/uploads\/2023\/12\/DokuzCeyrek-Logo-Beyaz-1536x922.png 1536w, https:\/\/www.dokuzceyrek.com.tr\/wp-content\/uploads\/2023\/12\/DokuzCeyrek-Logo-Beyaz-2048x1229.png 2048w\" sizes=\"auto, (max-width: 1024px) 100vw, 1024px\" \/><\/figure>\n<\/div>\n\n\n<p class=\"has-text-align-center has-nv-text-dark-bg-color has-text-color\">&#8221; Her zaman daha iyisini hayal etme g\u00fcc\u00fcne sahibiz &#8220;<\/p>\n\n\n\n<p class=\"has-text-align-center has-nv-text-dark-bg-color has-text-color\" style=\"font-size:14px\"><strong>DOKUZ \u00c7EYREK REKLAM AJANSI<\/strong><\/p>\n<\/div><\/div>\n","protected":false},"excerpt":{"rendered":"","protected":false},"author":1,"featured_media":0,"parent":0,"menu_order":0,"comment_status":"closed","ping_status":"closed","template":"","meta":{"neve_meta_sidebar":"full-width","neve_meta_container":"","neve_meta_enable_content_width":"on","neve_meta_content_width":100,"neve_meta_title_alignment":"","neve_meta_author_avatar":"","neve_post_elements_order":"","neve_meta_disable_header":"","neve_meta_disable_footer":"","neve_meta_disable_title":"on","neve_meta_reading_time":"","_themeisle_gutenberg_block_has_review":false,"footnotes":""},"class_list":["post-69","page","type-page","status-publish","hentry"],"_links":{"self":[{"href":"https:\/\/www.dokuzceyrek.com.tr\/index.php\/wp-json\/wp\/v2\/pages\/69","targetHints":{"allow":["GET"]}}],"collection":[{"href":"https:\/\/www.dokuzceyrek.com.tr\/index.php\/wp-json\/wp\/v2\/pages"}],"about":[{"href":"https:\/\/www.dokuzceyrek.com.tr\/index.php\/wp-json\/wp\/v2\/types\/page"}],"author":[{"embeddable":true,"href":"https:\/\/www.dokuzceyrek.com.tr\/index.php\/wp-json\/wp\/v2\/users\/1"}],"replies":[{"embeddable":true,"href":"https:\/\/www.dokuzceyrek.com.tr\/index.php\/wp-json\/wp\/v2\/comments?post=69"}],"version-history":[{"count":4,"href":"https:\/\/www.dokuzceyrek.com.tr\/index.php\/wp-json\/wp\/v2\/pages\/69\/revisions"}],"predecessor-version":[{"id":507,"href":"https:\/\/www.dokuzceyrek.com.tr\/index.php\/wp-json\/wp\/v2\/pages\/69\/revisions\/507"}],"wp:attachment":[{"href":"https:\/\/www.dokuzceyrek.com.tr\/index.php\/wp-json\/wp\/v2\/media?parent=69"}],"curies":[{"name":"wp","href":"https:\/\/api.w.org\/{rel}","templated":true}]}}