{"id":61,"date":"2020-01-23T18:21:52","date_gmt":"2020-01-23T18:21:52","guid":{"rendered":"https:\/\/demosites.io\/web-agency-gb\/?page_id=61"},"modified":"2023-12-02T10:01:46","modified_gmt":"2023-12-02T10:01:46","slug":"dokuzceyrek","status":"publish","type":"page","link":"https:\/\/www.dokuzceyrek.com.tr\/index.php\/dokuzceyrek\/","title":{"rendered":"Dokuz \u00c7eyrek"},"content":{"rendered":"\n<div class=\"wp-block-cover alignfull\" style=\"min-height:300px;aspect-ratio:unset;\"><span aria-hidden=\"true\" class=\"wp-block-cover__background has-nv-site-bg-background-color has-background-dim-100 has-background-dim\"><\/span><div class=\"wp-block-cover__inner-container is-layout-flow wp-block-cover-is-layout-flow\">\n<div class=\"wp-block-group\"><div class=\"wp-block-group__inner-container is-layout-flow wp-block-group-is-layout-flow\">\n<h1 class=\"wp-block-heading has-text-align-left has-neve-text-color-color has-text-color\">DOKUZ \u00c7EYREK<\/h1>\n<\/div><\/div>\n<\/div><\/div>\n\n\n\n<div class=\"wp-block-cover alignfull\" style=\"min-height:600px;aspect-ratio:unset;\"><span aria-hidden=\"true\" class=\"wp-block-cover__background has-nv-light-bg-background-color has-background-dim-100 has-background-dim\"><\/span><div class=\"wp-block-cover__inner-container is-layout-flow wp-block-cover-is-layout-flow\">\n<div class=\"wp-block-group\"><div class=\"wp-block-group__inner-container is-layout-flow wp-block-group-is-layout-flow\">\n<div style=\"height:80px\" aria-hidden=\"true\" class=\"wp-block-spacer\"><\/div>\n\n\n\n<div class=\"wp-block-columns are-vertically-aligned-center has-neve-text-color-color has-text-color is-layout-flex wp-container-core-columns-is-layout-9d6595d7 wp-block-columns-is-layout-flex\">\n<div class=\"wp-block-column is-vertically-aligned-center is-layout-flow wp-block-column-is-layout-flow\" style=\"flex-basis:50%\">\n<figure class=\"wp-block-image size-full\"><img loading=\"lazy\" decoding=\"async\" width=\"650\" height=\"363\" src=\"https:\/\/www.dokuzceyrek.com.tr\/wp-content\/uploads\/2023\/12\/peron-dokuz-uc-ceyrek-harry-potter.jpg\" alt=\"\" class=\"wp-image-453\" style=\"aspect-ratio:1;object-fit:cover\" srcset=\"https:\/\/www.dokuzceyrek.com.tr\/wp-content\/uploads\/2023\/12\/peron-dokuz-uc-ceyrek-harry-potter.jpg 650w, https:\/\/www.dokuzceyrek.com.tr\/wp-content\/uploads\/2023\/12\/peron-dokuz-uc-ceyrek-harry-potter-300x168.jpg 300w\" sizes=\"auto, (max-width: 650px) 100vw, 650px\" \/><\/figure>\n<\/div>\n\n\n\n<div class=\"wp-block-column is-vertically-aligned-center is-layout-flow wp-block-column-is-layout-flow\" style=\"flex-basis:50%\">\n<h2 class=\"wp-block-heading has-neve-text-color-color has-text-color\">B\u0130Z\u0130M H\u0130KAYEM\u0130Z<\/h2>\n\n\n\n<p class=\"has-neve-text-color-color has-text-color\">Asl\u0131nda markan\u0131n \u00e7\u0131k\u0131\u015f yeri hepinizinde bildi\u011fi gibi Harry Potter&#8217;dan geliyor.<\/p>\n\n\n\n<p class=\"has-neve-text-color-color has-text-color\">Gen\u00e7 b\u00fcy\u00fcc\u00fc ve cad\u0131lar\u0131 Hogwarts&#8217;a g\u00f6t\u00fcren tren, King Cross istasyonunda bu perondan hareket etmektedir. K\u0131sacas\u0131 b\u00fcy\u00fcl\u00fc d\u00fcnyaya a\u00e7\u0131lan bir kap\u0131&#8230;<\/p>\n\n\n\n<p><\/p>\n<\/div>\n<\/div>\n\n\n\n<div style=\"height:40px\" aria-hidden=\"true\" class=\"wp-block-spacer\"><\/div>\n<\/div><\/div>\n<\/div><\/div>\n\n\n\n<div class=\"wp-block-cover alignfull\" style=\"min-height:600px;aspect-ratio:unset;\"><span aria-hidden=\"true\" class=\"wp-block-cover__background has-nv-dark-bg-background-color has-background-dim-100 has-background-dim\"><\/span><div class=\"wp-block-cover__inner-container is-layout-flow wp-block-cover-is-layout-flow\">\n<div class=\"wp-block-group\"><div class=\"wp-block-group__inner-container is-layout-flow wp-block-group-is-layout-flow\">\n<div style=\"height:80px\" aria-hidden=\"true\" class=\"wp-block-spacer\"><\/div>\n\n\n\n<div class=\"wp-block-columns are-vertically-aligned-center is-layout-flex wp-container-core-columns-is-layout-9d6595d7 wp-block-columns-is-layout-flex\">\n<div class=\"wp-block-column is-vertically-aligned-center is-layout-flow wp-block-column-is-layout-flow\" style=\"flex-basis:50%\">\n<h2 class=\"wp-block-heading has-nv-text-dark-bg-color has-text-color\">NELER YAPAB\u0130L\u0130R\u0130Z ?<\/h2>\n\n\n\n<p class=\"has-nv-text-dark-bg-color has-text-color\">Teknolojiyi her zaman \u00e7ok sevdik ve hala da seviyoruz. Bu y\u00fczdendir ki en b\u00fcy\u00fck yat\u0131r\u0131m\u0131m\u0131z\u0131 , bizi i\u015fimizde ba\u015far\u0131ya ula\u015ft\u0131racak olan ekipmanlara yap\u0131yoruz. Hatta bunu bazen \u00e7ok abart\u0131yoruz da&#8230;<\/p>\n\n\n\n<p>Ancak bundan asla pi\u015fman de\u011filiz \ud83d\ude42 Kendi alanlar\u0131nda geli\u015fime a\u00e7\u0131k g\u00fczel bir ekibiz. Ekibimiz i\u00e7erisinde hem ofiste \u00e7al\u0131\u015fan hemde evden i\u015f yapan enerjik ve pozitif ekip arkada\u015flar\u0131m\u0131z var. Bu sayededir ki her zorlu i\u015fin alt\u0131ndan kalkabiliyoruz.<\/p>\n\n\n\n<p>Neler yapabiliriz sorusuna en uygun olan cevap ; g\u00f6r\u00fcnt\u00fcleme ve g\u00f6rsel alanlarda akl\u0131n\u0131zda ne varsa onu ger\u00e7ekle\u015ftirebiliriz. Tan\u0131t\u0131m filmleri , klipler , \u00fcr\u00fcn \u00e7ekimleri , moda \u00e7ekimleri , \u00f6rnek daire ve mimari \u00e7ekimler ve bunlar\u0131n tan\u0131nda grafik tasar\u0131m ve web site tasar\u0131m\u0131yla ilgili t\u00fcm uygulamalar\u0131 ger\u00e7ekle\u015ftirmekteyiz.<\/p>\n\n\n\n<p>G\u00fcn\u00fcm\u00fcz trendlerinden sosyal medya y\u00f6netimi ve reels \u00e7ekimlerinde de Mersin&#8217;de son derece iddial\u0131y\u0131z. Bu i\u015fi severek ve e\u011flenerek yap\u0131yoruz.<\/p>\n\n\n\n<div style=\"height:20px\" aria-hidden=\"true\" class=\"wp-block-spacer\"><\/div>\n\n\n\n<div style=\"height:20px\" aria-hidden=\"true\" class=\"wp-block-spacer\"><\/div>\n<\/div>\n\n\n\n<div class=\"wp-block-column is-vertically-aligned-center is-layout-flow wp-block-column-is-layout-flow\" style=\"flex-basis:50%\">\n<figure class=\"wp-block-image size-full\"><img loading=\"lazy\" decoding=\"async\" width=\"600\" height=\"600\" src=\"https:\/\/www.dokuzceyrek.com.tr\/wp-content\/uploads\/2023\/12\/magic.jpg\" alt=\"\" class=\"wp-image-455\" srcset=\"https:\/\/www.dokuzceyrek.com.tr\/wp-content\/uploads\/2023\/12\/magic.jpg 600w, https:\/\/www.dokuzceyrek.com.tr\/wp-content\/uploads\/2023\/12\/magic-300x300.jpg 300w, https:\/\/www.dokuzceyrek.com.tr\/wp-content\/uploads\/2023\/12\/magic-150x150.jpg 150w\" sizes=\"auto, (max-width: 600px) 100vw, 600px\" \/><\/figure>\n<\/div>\n<\/div>\n\n\n\n<div style=\"height:40px\" aria-hidden=\"true\" class=\"wp-block-spacer\"><\/div>\n<\/div><\/div>\n<\/div><\/div>\n\n\n\n<div class=\"wp-block-cover alignfull\" style=\"min-height:420px;aspect-ratio:unset;\"><span aria-hidden=\"true\" class=\"wp-block-cover__background has-nv-site-bg-background-color has-background-dim-100 has-background-dim\"><\/span><div class=\"wp-block-cover__inner-container is-layout-flow wp-block-cover-is-layout-flow\">\n<div style=\"height:80px\" aria-hidden=\"true\" class=\"wp-block-spacer\"><\/div>\n\n\n\n<div class=\"wp-block-columns is-layout-flex wp-container-core-columns-is-layout-9d6595d7 wp-block-columns-is-layout-flex\">\n<div class=\"wp-block-column ticss-4ce656f1 is-layout-flow wp-block-column-is-layout-flow\"><div class=\"wp-block-image icon-style is-style-rounded\">\n<figure class=\"aligncenter size-large\"><img loading=\"lazy\" decoding=\"async\" width=\"72\" height=\"72\" src=\"https:\/\/www.dokuzceyrek.com.tr\/wp-content\/uploads\/2020\/01\/neve-webdesign-GB-03.png\" alt=\"\" class=\"wp-image-20\"\/><\/figure>\n<\/div>\n\n\n<div style=\"height:24px\" aria-hidden=\"true\" class=\"wp-block-spacer\"><\/div>\n\n\n\n<h3 class=\"wp-block-heading has-text-align-center has-neve-text-color-color has-text-color\">TANITIM H\u0130ZMETLER\u0130<\/h3>\n\n\n\n<p class=\"has-text-align-center has-neve-text-color-color has-text-color\" style=\"font-size:15px\">En etkili yollar\u0131n ba\u015f\u0131nda foto\u011fraf ve video gelmektedir. T\u00fcm dijital platformlara uygun boyutlarda yap\u0131labilmektedir. Tasar\u0131mlar her platformun boyutlar\u0131na g\u00f6re yap\u0131lmal\u0131d\u0131r.<\/p>\n\n\n\n<div style=\"height:20px\" aria-hidden=\"true\" class=\"wp-block-spacer\"><\/div>\n<\/div>\n\n\n\n<div class=\"wp-block-column ticss-f6fc7494 is-layout-flow wp-block-column-is-layout-flow\"><div class=\"wp-block-image icon-style is-style-rounded\">\n<figure class=\"aligncenter size-large\"><img loading=\"lazy\" decoding=\"async\" width=\"72\" height=\"72\" src=\"https:\/\/www.dokuzceyrek.com.tr\/wp-content\/uploads\/2020\/01\/neve-webdesign-GB-03.png\" alt=\"\" class=\"wp-image-20\"\/><\/figure>\n<\/div>\n\n\n<div style=\"height:24px\" aria-hidden=\"true\" class=\"wp-block-spacer\"><\/div>\n\n\n\n<h3 class=\"wp-block-heading has-text-align-center has-neve-text-color-color has-text-color\">KURUMSAL K\u0130ML\u0130K<\/h3>\n\n\n\n<p class=\"has-text-align-center has-neve-text-color-color has-text-color\" style=\"font-size:15px\">Bir kurum veya firman\u0131n markala\u015fmada ilk ad\u0131m\u0131 logo tasar\u0131m\u0131 ve kurum kimlik tasar\u0131m\u0131d\u0131r. Do\u011fru \u015fekilde haz\u0131lanm\u0131\u015f bir kurumsal kimlik markan\u0131z\u0131n de\u011ferini \u00fcst seviyeye ta\u015f\u0131yacakt\u0131r.<\/p>\n\n\n\n<div style=\"height:20px\" aria-hidden=\"true\" class=\"wp-block-spacer\"><\/div>\n<\/div>\n\n\n\n<div class=\"wp-block-column ticss-a5b4df29 is-layout-flow wp-block-column-is-layout-flow\"><div class=\"wp-block-image icon-style is-style-rounded\">\n<figure class=\"aligncenter size-large\"><img loading=\"lazy\" decoding=\"async\" width=\"72\" height=\"72\" src=\"https:\/\/www.dokuzceyrek.com.tr\/wp-content\/uploads\/2020\/01\/neve-webdesign-GB-03.png\" alt=\"\" class=\"wp-image-20\"\/><\/figure>\n<\/div>\n\n\n<div style=\"height:24px\" aria-hidden=\"true\" class=\"wp-block-spacer\"><\/div>\n\n\n\n<h3 class=\"wp-block-heading has-text-align-center has-neve-text-color-color has-text-color\">\u0130NTERNET REKLAMLARI<\/h3>\n\n\n\n<p class=\"has-text-align-center has-neve-text-color-color has-text-color\" style=\"font-size:15px\">G\u00fcn\u00fcm\u00fcz\u00fcn en pop\u00fcler a\u011f\u0131 \u015f\u00fcphesiz ki internet. Sizin de markan\u0131z yada firman\u0131z i\u00e7in bu ortamda daha yayg\u0131n reklam a\u011f\u0131na sahip olup daha fazla ki\u015fiye eri\u015fmeniz gerekmektedir.<\/p>\n\n\n\n<div style=\"height:20px\" aria-hidden=\"true\" class=\"wp-block-spacer\"><\/div>\n<\/div>\n<\/div>\n\n\n\n<div style=\"height:30px\" aria-hidden=\"true\" class=\"wp-block-spacer\"><\/div>\n<\/div><\/div>\n\n\n\n<div class=\"wp-block-cover alignfull\" style=\"min-height:600px;aspect-ratio:unset;\"><span aria-hidden=\"true\" class=\"wp-block-cover__background has-nv-light-bg-background-color has-background-dim-100 has-background-dim\"><\/span><div class=\"wp-block-cover__inner-container is-layout-flow wp-block-cover-is-layout-flow\">\n<div class=\"wp-block-group\"><div class=\"wp-block-group__inner-container is-layout-flow wp-block-group-is-layout-flow\">\n<div style=\"height:80px\" aria-hidden=\"true\" class=\"wp-block-spacer\"><\/div>\n\n\n\n<div class=\"wp-block-columns is-layout-flex wp-container-core-columns-is-layout-9d6595d7 wp-block-columns-is-layout-flex\">\n<div class=\"wp-block-column is-layout-flow wp-block-column-is-layout-flow\"><div class=\"wp-block-image is-style-default\">\n<figure class=\"aligncenter size-full\"><img loading=\"lazy\" decoding=\"async\" width=\"600\" height=\"600\" src=\"https:\/\/www.dokuzceyrek.com.tr\/wp-content\/uploads\/2023\/12\/neve-web-design-bg-10.jpg\" alt=\"\" class=\"wp-image-418\" srcset=\"https:\/\/www.dokuzceyrek.com.tr\/wp-content\/uploads\/2023\/12\/neve-web-design-bg-10.jpg 600w, https:\/\/www.dokuzceyrek.com.tr\/wp-content\/uploads\/2023\/12\/neve-web-design-bg-10-300x300.jpg 300w, https:\/\/www.dokuzceyrek.com.tr\/wp-content\/uploads\/2023\/12\/neve-web-design-bg-10-150x150.jpg 150w\" sizes=\"auto, (max-width: 600px) 100vw, 600px\" \/><\/figure>\n<\/div>\n\n\n<div style=\"height:24px\" aria-hidden=\"true\" class=\"wp-block-spacer\"><\/div>\n\n\n\n<h3 class=\"wp-block-heading has-text-align-center has-neve-text-color-color has-text-color\">FOTO\u011eRAF EK\u0130B\u0130<\/h3>\n\n\n\n<p class=\"has-text-align-center has-neve-text-color-color has-text-color\"><\/p>\n\n\n\n<div style=\"height:40px\" aria-hidden=\"true\" class=\"wp-block-spacer\"><\/div>\n<\/div>\n\n\n\n<div class=\"wp-block-column is-layout-flow wp-block-column-is-layout-flow\"><div class=\"wp-block-image is-style-default\">\n<figure class=\"aligncenter size-full\"><img loading=\"lazy\" decoding=\"async\" width=\"600\" height=\"600\" src=\"https:\/\/www.dokuzceyrek.com.tr\/wp-content\/uploads\/2023\/12\/neve-web-design-bg-10.jpg\" alt=\"\" class=\"wp-image-418\" srcset=\"https:\/\/www.dokuzceyrek.com.tr\/wp-content\/uploads\/2023\/12\/neve-web-design-bg-10.jpg 600w, https:\/\/www.dokuzceyrek.com.tr\/wp-content\/uploads\/2023\/12\/neve-web-design-bg-10-300x300.jpg 300w, https:\/\/www.dokuzceyrek.com.tr\/wp-content\/uploads\/2023\/12\/neve-web-design-bg-10-150x150.jpg 150w\" sizes=\"auto, (max-width: 600px) 100vw, 600px\" \/><\/figure>\n<\/div>\n\n\n<div style=\"height:24px\" aria-hidden=\"true\" class=\"wp-block-spacer\"><\/div>\n\n\n\n<h3 class=\"wp-block-heading has-text-align-center has-neve-text-color-color has-text-color\">V\u0130DEO &amp; MONTAJ EK\u0130B\u0130<\/h3>\n\n\n\n<p class=\"has-text-align-center has-neve-text-color-color has-text-color\"><\/p>\n\n\n\n<div style=\"height:40px\" aria-hidden=\"true\" class=\"wp-block-spacer\"><\/div>\n<\/div>\n\n\n\n<div class=\"wp-block-column is-layout-flow wp-block-column-is-layout-flow\"><div class=\"wp-block-image is-style-default\">\n<figure class=\"aligncenter size-full\"><img loading=\"lazy\" decoding=\"async\" width=\"600\" height=\"600\" src=\"https:\/\/www.dokuzceyrek.com.tr\/wp-content\/uploads\/2023\/12\/neve-web-design-bg-10.jpg\" alt=\"\" class=\"wp-image-418\" srcset=\"https:\/\/www.dokuzceyrek.com.tr\/wp-content\/uploads\/2023\/12\/neve-web-design-bg-10.jpg 600w, https:\/\/www.dokuzceyrek.com.tr\/wp-content\/uploads\/2023\/12\/neve-web-design-bg-10-300x300.jpg 300w, https:\/\/www.dokuzceyrek.com.tr\/wp-content\/uploads\/2023\/12\/neve-web-design-bg-10-150x150.jpg 150w\" sizes=\"auto, (max-width: 600px) 100vw, 600px\" \/><\/figure>\n<\/div>\n\n\n<div style=\"height:24px\" aria-hidden=\"true\" class=\"wp-block-spacer\"><\/div>\n\n\n\n<h3 class=\"wp-block-heading has-text-align-center has-neve-text-color-color has-text-color\">GRAF\u0130K EK\u0130B\u0130<\/h3>\n\n\n\n<p class=\"has-text-align-center has-neve-text-color-color has-text-color\"><\/p>\n\n\n\n<div style=\"height:40px\" aria-hidden=\"true\" class=\"wp-block-spacer\"><\/div>\n<\/div>\n<\/div>\n\n\n\n<div style=\"height:40px\" aria-hidden=\"true\" class=\"wp-block-spacer\"><\/div>\n<\/div><\/div>\n<\/div><\/div>\n","protected":false},"excerpt":{"rendered":"","protected":false},"author":1,"featured_media":0,"parent":0,"menu_order":0,"comment_status":"closed","ping_status":"closed","template":"","meta":{"neve_meta_sidebar":"default","neve_meta_container":"default","neve_meta_enable_content_width":"on","neve_meta_content_width":100,"neve_meta_title_alignment":"","neve_meta_author_avatar":"","neve_post_elements_order":"","neve_meta_disable_header":"","neve_meta_disable_footer":"","neve_meta_disable_title":"on","neve_meta_reading_time":"","_themeisle_gutenberg_block_has_review":false,"footnotes":""},"class_list":["post-61","page","type-page","status-publish","hentry"],"_links":{"self":[{"href":"https:\/\/www.dokuzceyrek.com.tr\/index.php\/wp-json\/wp\/v2\/pages\/61","targetHints":{"allow":["GET"]}}],"collection":[{"href":"https:\/\/www.dokuzceyrek.com.tr\/index.php\/wp-json\/wp\/v2\/pages"}],"about":[{"href":"https:\/\/www.dokuzceyrek.com.tr\/index.php\/wp-json\/wp\/v2\/types\/page"}],"author":[{"embeddable":true,"href":"https:\/\/www.dokuzceyrek.com.tr\/index.php\/wp-json\/wp\/v2\/users\/1"}],"replies":[{"embeddable":true,"href":"https:\/\/www.dokuzceyrek.com.tr\/index.php\/wp-json\/wp\/v2\/comments?post=61"}],"version-history":[{"count":3,"href":"https:\/\/www.dokuzceyrek.com.tr\/index.php\/wp-json\/wp\/v2\/pages\/61\/revisions"}],"predecessor-version":[{"id":458,"href":"https:\/\/www.dokuzceyrek.com.tr\/index.php\/wp-json\/wp\/v2\/pages\/61\/revisions\/458"}],"wp:attachment":[{"href":"https:\/\/www.dokuzceyrek.com.tr\/index.php\/wp-json\/wp\/v2\/media?parent=61"}],"curies":[{"name":"wp","href":"https:\/\/api.w.org\/{rel}","templated":true}]}}