{"id":309,"date":"2020-01-13T11:17:52","date_gmt":"2020-01-13T11:17:52","guid":{"rendered":"https:\/\/demosites.io\/web-agency-gb\/?page_id=5"},"modified":"2023-12-25T08:02:07","modified_gmt":"2023-12-25T08:02:07","slug":"anasayfa","status":"publish","type":"page","link":"https:\/\/www.dokuzceyrek.com.tr\/","title":{"rendered":"Anasayfa"},"content":{"rendered":"\n<div id=\"wp-block-themeisle-blocks-slider-04d6cb82\" class=\"wp-block-themeisle-blocks-slider glide\" data-per-view=\"1\" data-gap=\"0\" data-peek=\"0\" data-autoplay=\"3000\" data-height=\"400px\" data-hide-arrows=\"true\"><div class=\"glide__track\" data-glide-el=\"track\"><div class=\"glide__slides\"><div class=\"wp-block-themeisle-blocks-slider-item-wrapper glide__slide\" tabindex=\"0\"><figure><img decoding=\"async\" class=\"wp-block-themeisle-blocks-slider-item\" src=\"https:\/\/www.dokuzceyrek.com.tr\/wp-content\/uploads\/2023\/12\/S1.jpg\" alt=\"\" title=\"\" data-id=\"383\"\/><\/figure><\/div><div class=\"wp-block-themeisle-blocks-slider-item-wrapper glide__slide\" tabindex=\"0\"><figure><img decoding=\"async\" class=\"wp-block-themeisle-blocks-slider-item\" src=\"https:\/\/www.dokuzceyrek.com.tr\/wp-content\/uploads\/2023\/12\/S2.jpg\" alt=\"\" title=\"\" data-id=\"384\"\/><\/figure><\/div><div class=\"wp-block-themeisle-blocks-slider-item-wrapper glide__slide\" tabindex=\"0\"><figure><img decoding=\"async\" class=\"wp-block-themeisle-blocks-slider-item\" src=\"https:\/\/www.dokuzceyrek.com.tr\/wp-content\/uploads\/2023\/12\/S3.jpg\" alt=\"\" title=\"\" data-id=\"385\"\/><\/figure><\/div><div class=\"wp-block-themeisle-blocks-slider-item-wrapper glide__slide\" tabindex=\"0\"><figure><img decoding=\"async\" class=\"wp-block-themeisle-blocks-slider-item\" src=\"https:\/\/www.dokuzceyrek.com.tr\/wp-content\/uploads\/2023\/12\/S4.jpg\" alt=\"\" title=\"\" data-id=\"386\"\/><\/figure><\/div><div class=\"wp-block-themeisle-blocks-slider-item-wrapper glide__slide\" tabindex=\"0\"><figure><img decoding=\"async\" class=\"wp-block-themeisle-blocks-slider-item\" src=\"https:\/\/www.dokuzceyrek.com.tr\/wp-content\/uploads\/2023\/12\/S6.jpg\" alt=\"\" title=\"\" data-id=\"387\"\/><\/figure><\/div><\/div><div class=\"glide__bullets\" data-glide-el=\"controls[nav]\"><button class=\"glide__bullet\" data-glide-dir=\"=0\"><\/button><button class=\"glide__bullet\" data-glide-dir=\"=1\"><\/button><button class=\"glide__bullet\" data-glide-dir=\"=2\"><\/button><button class=\"glide__bullet\" data-glide-dir=\"=3\"><\/button><button class=\"glide__bullet\" data-glide-dir=\"=4\"><\/button><\/div><\/div><\/div>\n\n\n\n<div style=\"height:80px\" aria-hidden=\"true\" class=\"wp-block-spacer\"><\/div>\n\n\n\n<div class=\"wp-block-columns is-layout-flex wp-container-core-columns-is-layout-9d6595d7 wp-block-columns-is-layout-flex\">\n<div class=\"wp-block-column is-layout-flow wp-block-column-is-layout-flow\"><div class=\"wp-block-image icon-style is-style-rounded\">\n<figure class=\"aligncenter size-full is-resized\"><img loading=\"lazy\" decoding=\"async\" width=\"200\" height=\"200\" src=\"https:\/\/www.dokuzceyrek.com.tr\/wp-content\/uploads\/2023\/12\/sosyal.png\" alt=\"\" class=\"wp-image-511\" style=\"width:100px\" title=\"\" srcset=\"https:\/\/www.dokuzceyrek.com.tr\/wp-content\/uploads\/2023\/12\/sosyal.png 200w, https:\/\/www.dokuzceyrek.com.tr\/wp-content\/uploads\/2023\/12\/sosyal-150x150.png 150w\" sizes=\"auto, (max-width: 200px) 100vw, 200px\" \/><\/figure>\n<\/div>\n\n\n<div style=\"height:20px\" aria-hidden=\"true\" class=\"wp-block-spacer\"><\/div>\n\n\n\n<h3 class=\"wp-block-heading has-text-align-center has-neve-text-color-color has-text-color\">SOSYAL MEDYA Y\u00d6NET\u0130M\u0130<\/h3>\n\n\n\n<p class=\"has-text-align-center\">Mersin&#8217;de sosyal medya y\u00f6netimi konusunda i\u015fletmenizi di\u011fer rakiplerinizden ileriye ta\u015f\u0131man\u0131n tek yolu kaliteli ve farkl\u0131 olmakt\u0131r.<\/p>\n\n\n\n<div style=\"height:20px\" aria-hidden=\"true\" class=\"wp-block-spacer\"><\/div>\n<\/div>\n\n\n\n<div class=\"wp-block-column is-layout-flow wp-block-column-is-layout-flow\"><div class=\"wp-block-image icon-style is-style-rounded\">\n<figure class=\"aligncenter size-full is-resized\"><img loading=\"lazy\" decoding=\"async\" width=\"200\" height=\"200\" src=\"https:\/\/www.dokuzceyrek.com.tr\/wp-content\/uploads\/2023\/12\/Filmicon-1.png\" alt=\"\" class=\"wp-image-512\" style=\"width:100px\" srcset=\"https:\/\/www.dokuzceyrek.com.tr\/wp-content\/uploads\/2023\/12\/Filmicon-1.png 200w, https:\/\/www.dokuzceyrek.com.tr\/wp-content\/uploads\/2023\/12\/Filmicon-1-150x150.png 150w\" sizes=\"auto, (max-width: 200px) 100vw, 200px\" \/><\/figure>\n<\/div>\n\n\n<div style=\"height:20px\" aria-hidden=\"true\" class=\"wp-block-spacer\"><\/div>\n\n\n\n<h3 class=\"wp-block-heading has-text-align-center has-neve-text-color-color has-text-color\">TANITIM F\u0130LM\u0130<\/h3>\n\n\n\n<p class=\"has-text-align-center\">Dijital pazara a\u00e7\u0131lmak isteyen i\u015fletmelerin i\u00e7eriklerinin en etkili sunum y\u00f6ntemiz do\u011fru bir tan\u0131t\u0131m filminden ge\u00e7mektedir.<\/p>\n\n\n\n<div style=\"height:20px\" aria-hidden=\"true\" class=\"wp-block-spacer\"><\/div>\n<\/div>\n\n\n\n<div class=\"wp-block-column is-layout-flow wp-block-column-is-layout-flow\"><div class=\"wp-block-image icon-style is-style-rounded\">\n<figure class=\"aligncenter size-full is-resized\"><img loading=\"lazy\" decoding=\"async\" width=\"200\" height=\"200\" src=\"https:\/\/www.dokuzceyrek.com.tr\/wp-content\/uploads\/2023\/12\/ikon.png\" alt=\"\" class=\"wp-image-513\" style=\"width:100px\" srcset=\"https:\/\/www.dokuzceyrek.com.tr\/wp-content\/uploads\/2023\/12\/ikon.png 200w, https:\/\/www.dokuzceyrek.com.tr\/wp-content\/uploads\/2023\/12\/ikon-150x150.png 150w\" sizes=\"auto, (max-width: 200px) 100vw, 200px\" \/><\/figure>\n<\/div>\n\n\n<div style=\"height:20px\" aria-hidden=\"true\" class=\"wp-block-spacer\"><\/div>\n\n\n\n<h3 class=\"wp-block-heading has-text-align-center has-neve-text-color-color has-text-color\">WEB S\u0130TE TASARIMI<\/h3>\n\n\n\n<p class=\"has-text-align-center\">Marka bilinirli\u011fini artt\u0131rmak ve Google aramalar\u0131nda ilk s\u0131ralarda olmak istiyorsan\u0131z web site \u00e7\u00f6z\u00fcm\u00fc sizin i\u00e7in en do\u011frusu olacakt\u0131r.<\/p>\n\n\n\n<div style=\"height:20px\" aria-hidden=\"true\" class=\"wp-block-spacer\"><\/div>\n<\/div>\n<\/div>\n\n\n\n<div class=\"wp-block-columns are-vertically-aligned-center is-layout-flex wp-container-core-columns-is-layout-9d6595d7 wp-block-columns-is-layout-flex\">\n<div class=\"wp-block-column is-layout-flow wp-block-column-is-layout-flow\"><\/div>\n\n\n\n<div class=\"wp-block-column is-layout-flow wp-block-column-is-layout-flow\"><\/div>\n<\/div>\n\n\n\n<div class=\"wp-block-cover alignfull\" style=\"min-height:600px;aspect-ratio:unset;\"><span aria-hidden=\"true\" class=\"wp-block-cover__background has-nv-light-bg-background-color has-background-dim-100 has-background-dim\"><\/span><div class=\"wp-block-cover__inner-container is-layout-flow wp-block-cover-is-layout-flow\">\n<div class=\"wp-block-group\"><div class=\"wp-block-group__inner-container is-layout-flow wp-block-group-is-layout-flow\">\n<div style=\"height:80px\" aria-hidden=\"true\" class=\"wp-block-spacer\"><\/div>\n\n\n\n<div class=\"wp-block-columns are-vertically-aligned-center is-layout-flex wp-container-core-columns-is-layout-9d6595d7 wp-block-columns-is-layout-flex\">\n<div class=\"wp-block-column is-vertically-aligned-center is-layout-flow wp-block-column-is-layout-flow\" style=\"flex-basis:50%\">\n<figure class=\"wp-block-image size-full\"><img loading=\"lazy\" decoding=\"async\" width=\"600\" height=\"600\" src=\"https:\/\/www.dokuzceyrek.com.tr\/wp-content\/uploads\/2023\/12\/neve-web-design-bg-10.jpg\" alt=\"\" class=\"wp-image-418\" srcset=\"https:\/\/www.dokuzceyrek.com.tr\/wp-content\/uploads\/2023\/12\/neve-web-design-bg-10.jpg 600w, https:\/\/www.dokuzceyrek.com.tr\/wp-content\/uploads\/2023\/12\/neve-web-design-bg-10-300x300.jpg 300w, https:\/\/www.dokuzceyrek.com.tr\/wp-content\/uploads\/2023\/12\/neve-web-design-bg-10-150x150.jpg 150w\" sizes=\"auto, (max-width: 600px) 100vw, 600px\" \/><\/figure>\n<\/div>\n\n\n\n<div class=\"wp-block-column is-vertically-aligned-center is-layout-flow wp-block-column-is-layout-flow\" style=\"flex-basis:50%\">\n<div style=\"height:20px\" aria-hidden=\"true\" class=\"wp-block-spacer\"><\/div>\n\n\n\n<h2 class=\"wp-block-heading has-text-align-left has-neve-text-color-color has-text-color\"><mark style=\"background-color:rgba(0, 0, 0, 0)\" class=\"has-inline-color has-neve-link-color-color\">DOKUZ \u00c7EYREK<\/mark><\/h2>\n\n\n\n<p>Mersin&#8217;in en b\u00fcy\u00fck reklam ajanslar\u0131ndan biri olan Dokuz \u00c7eyrek olarak reklam ajans\u0131 anlay\u0131\u015f\u0131na yeni bir vizyon getirmi\u015f bir ekibiz. Klasik ajanslar\u0131n aksine her teknolojik alt yap\u0131m\u0131z var i\u015fini severek yapan , alanlar\u0131nda uzman ekibimiz ile birlikte i\u015fletmelerinize \u00f6zel dijital \u00e7\u00f6z\u00fcmler sunmaktay\u0131z.<\/p>\n\n\n\n<p>Amac\u0131m\u0131z var olan i\u015fletme yada markan\u0131z\u0131n bilinirli\u011fini en \u00fcst d\u00fczeye ta\u015f\u0131mak. Bunun i\u00e7inde ihtiyac\u0131n\u0131z olan t\u00fcm reklam ve tan\u0131t\u0131m ihtiya\u00e7lar\u0131n\u0131 do\u011fru ve profesyonel bir \u015fekilde kar\u015f\u0131lamak.<\/p>\n\n\n\n<p>Sosyal medya y\u00f6netimi , foto\u011fraf \u00e7ekimi , tan\u0131t\u0131m filmi , kurumsal kimlik \u00e7al\u0131\u015fmalar\u0131 , promosyon ve bask\u0131 \u00fcr\u00fcnleri , web sitesi ve grafik tasar\u0131m gibi t\u00fcm ihtiya\u00e7lar\u0131n\u0131za y\u00f6nelik \u00e7\u00f6z\u00fcmleri kendi b\u00fcnyemizde bulundurmaktay\u0131z.<\/p>\n<\/div>\n<\/div>\n\n\n\n<div style=\"height:40px\" aria-hidden=\"true\" class=\"wp-block-spacer\"><\/div>\n<\/div><\/div>\n<\/div><\/div>\n\n\n\n<div class=\"wp-block-cover alignfull\" style=\"min-height:600px;aspect-ratio:unset;\"><span aria-hidden=\"true\" class=\"wp-block-cover__background has-nv-site-bg-background-color has-background-dim-100 has-background-dim\"><\/span><div class=\"wp-block-cover__inner-container is-layout-flow wp-block-cover-is-layout-flow\">\n<div class=\"wp-block-group\"><div class=\"wp-block-group__inner-container is-layout-flow wp-block-group-is-layout-flow\">\n<div style=\"height:80px\" aria-hidden=\"true\" class=\"wp-block-spacer\"><\/div>\n\n\n\n<div class=\"wp-block-columns are-vertically-aligned-center is-layout-flex wp-container-core-columns-is-layout-9d6595d7 wp-block-columns-is-layout-flex\">\n<div class=\"wp-block-column is-vertically-aligned-center is-layout-flow wp-block-column-is-layout-flow\" style=\"flex-basis:50%\">\n<h2 class=\"wp-block-heading has-text-align-left has-neve-text-color-color has-text-color\"><mark style=\"background-color:rgba(0, 0, 0, 0)\" class=\"has-inline-color has-neve-link-color-color\">SOSYAL MEDYA Y\u00d6NET\u0130M\u0130<\/mark><\/h2>\n\n\n\n<p class=\"has-text-align-left has-neve-text-color-color has-text-color\" style=\"font-size:17px\">Mersin \u2018 de i\u015fletmeniz var ama markan\u0131z hala tan\u0131nm\u0131yor mu ? Sosyal medya y\u00f6netimi konusunda uzman ve deneyimli ekibimiz ile sosyal medyan\u0131z i\u00e7in gerekli olan i\u00e7erik \u00fcretimi , planlama , m\u00fc\u015fteri analizi ve hedef kitle gibi konularda do\u011fru destek al\u0131n. \u0130htiyac\u0131n\u0131z olan her\u015fey bizim kendi b\u00fcnyemizde.Profesyonel ekipmanlar\u0131m\u0131z ile foto\u011fraf,video ve drone ile havadan g\u00f6r\u00fcnt\u00fcleme olmak \u00fczere Mersin\u2019de sosyal medya y\u00f6netiminde herkesten farkl\u0131 olman\u0131n ayr\u0131cal\u0131klar\u0131n\u0131 ya\u015fay\u0131n.Ba\u015fta Mersin ili olmak \u00fczere T\u00fcrkiye\u2019nin t\u00fcm \u015fehirlerinde firmalara \u00f6zel sosyal medya y\u00f6netimi i\u00e7in bizimle ileti\u015fime ge\u00e7in.<\/p>\n\n\n\n<div style=\"height:40px\" aria-hidden=\"true\" class=\"wp-block-spacer\"><\/div>\n<\/div>\n\n\n\n<div class=\"wp-block-column is-vertically-aligned-center is-layout-flow wp-block-column-is-layout-flow\" style=\"flex-basis:50%\">\n<figure class=\"wp-block-image size-full has-custom-border\"><img loading=\"lazy\" decoding=\"async\" width=\"600\" height=\"600\" src=\"https:\/\/www.dokuzceyrek.com.tr\/wp-content\/uploads\/2023\/12\/Sosyal.jpg\" alt=\"\" class=\"wp-image-422\" style=\"border-style:none;border-width:0px\" srcset=\"https:\/\/www.dokuzceyrek.com.tr\/wp-content\/uploads\/2023\/12\/Sosyal.jpg 600w, https:\/\/www.dokuzceyrek.com.tr\/wp-content\/uploads\/2023\/12\/Sosyal-300x300.jpg 300w, https:\/\/www.dokuzceyrek.com.tr\/wp-content\/uploads\/2023\/12\/Sosyal-150x150.jpg 150w\" sizes=\"auto, (max-width: 600px) 100vw, 600px\" \/><\/figure>\n<\/div>\n<\/div>\n\n\n\n<div style=\"height:40px\" aria-hidden=\"true\" class=\"wp-block-spacer\"><\/div>\n<\/div><\/div>\n<\/div><\/div>\n\n\n\n<div class=\"wp-block-cover alignfull\" style=\"min-height:600px;aspect-ratio:unset;\"><span aria-hidden=\"true\" class=\"wp-block-cover__background has-nv-dark-bg-background-color has-background-dim-100 has-background-dim\"><\/span><div class=\"wp-block-cover__inner-container is-layout-flow wp-block-cover-is-layout-flow\">\n<div class=\"wp-block-group\"><div class=\"wp-block-group__inner-container is-layout-flow wp-block-group-is-layout-flow\">\n<div style=\"height:80px\" aria-hidden=\"true\" class=\"wp-block-spacer\"><\/div>\n\n\n\n<div class=\"wp-block-columns are-vertically-aligned-center is-layout-flex wp-container-core-columns-is-layout-9d6595d7 wp-block-columns-is-layout-flex\">\n<div class=\"wp-block-column is-vertically-aligned-center is-layout-flow wp-block-column-is-layout-flow\" style=\"flex-basis:50%\">\n<figure class=\"wp-block-image size-full has-custom-border\"><img loading=\"lazy\" decoding=\"async\" width=\"600\" height=\"600\" src=\"https:\/\/www.dokuzceyrek.com.tr\/wp-content\/uploads\/2023\/12\/cekim.jpg\" alt=\"\" class=\"wp-image-423\" style=\"border-style:none;border-width:0px;border-radius:0px\" srcset=\"https:\/\/www.dokuzceyrek.com.tr\/wp-content\/uploads\/2023\/12\/cekim.jpg 600w, https:\/\/www.dokuzceyrek.com.tr\/wp-content\/uploads\/2023\/12\/cekim-300x300.jpg 300w, https:\/\/www.dokuzceyrek.com.tr\/wp-content\/uploads\/2023\/12\/cekim-150x150.jpg 150w\" sizes=\"auto, (max-width: 600px) 100vw, 600px\" \/><\/figure>\n<\/div>\n\n\n\n<div class=\"wp-block-column is-vertically-aligned-center is-layout-flow wp-block-column-is-layout-flow\" style=\"flex-basis:50%\">\n<div style=\"height:40px\" aria-hidden=\"true\" class=\"wp-block-spacer\"><\/div>\n\n\n\n<h2 class=\"wp-block-heading has-text-align-left has-nv-text-dark-bg-color has-text-color\"><mark style=\"background-color:rgba(0, 0, 0, 0)\" class=\"has-inline-color has-neve-link-color-color\">FOTO\u011eRAF VE V\u0130DEO \u00c7EK\u0130MLER\u0130<\/mark><\/h2>\n\n\n\n<p class=\"has-text-align-left has-nv-text-dark-bg-color has-text-color\" style=\"font-size:17px\">Teknolojik geli\u015fmelere olan merak\u0131m\u0131z ve alanlar\u0131nda uzman ekibimiz ile birlikte ba\u015fta Mersin olmak \u00fczere T\u00fcrkiye\u2019nin her \u015fehrinde i\u015fletmenize \u00f6zel \u00fcr\u00fcn foto\u011fraf\u00e7\u0131l\u0131\u011f\u0131, moda foto\u011fraf\u00e7\u0131l\u0131\u011f\u0131, \u00f6rnek daire ve mimari foto\u011fraf\u00e7\u0131l\u0131\u011f\u0131, su alt\u0131 foto\u011fraf\u00e7\u0131l\u0131\u011f\u0131, reklam ve tan\u0131t\u0131m foto\u011fraf\u00e7\u0131l\u0131\u011f\u0131 ve bunlar\u0131n yan\u0131 s\u0131ra drone ile havadan g\u00f6r\u00fcnt\u00fcleme, jimmy jib ile kay\u0131t, tan\u0131t\u0131m filmi ve instagram reels \u00e7ekimleri gibi bir \u00e7ok alanda size hizmet vermekteyiz.<\/p>\n<\/div>\n<\/div>\n\n\n\n<div style=\"height:50px\" aria-hidden=\"true\" class=\"wp-block-spacer\"><\/div>\n<\/div><\/div>\n<\/div><\/div>\n\n\n\n<div class=\"wp-block-cover alignfull\" style=\"min-height:600px;aspect-ratio:unset;\"><span aria-hidden=\"true\" class=\"wp-block-cover__background has-nv-site-bg-background-color has-background-dim-100 has-background-dim\"><\/span><div class=\"wp-block-cover__inner-container is-layout-flow wp-block-cover-is-layout-flow\">\n<div class=\"wp-block-group\"><div class=\"wp-block-group__inner-container is-layout-flow wp-block-group-is-layout-flow\">\n<h2 class=\"wp-block-heading has-text-align-center has-neve-text-color-color has-text-color\"><mark style=\"background-color:rgba(0, 0, 0, 0)\" class=\"has-inline-color has-neve-link-color-color\">REFERANSLARIMIZ<\/mark><\/h2>\n\n\n\n<div style=\"height:78px\" aria-hidden=\"true\" class=\"wp-block-spacer\"><\/div>\n\n\n\n<div id=\"wp-block-themeisle-blocks-slider-f75cfcad\" class=\"wp-block-themeisle-blocks-slider glide\" data-per-view=\"1\" data-gap=\"0\" data-peek=\"0\" data-autoplay=\"3000\" data-height=\"250px\" data-hide-arrows=\"true\"><div class=\"glide__track\" data-glide-el=\"track\"><div class=\"glide__slides\"><div class=\"wp-block-themeisle-blocks-slider-item-wrapper glide__slide\" tabindex=\"0\"><figure><img decoding=\"async\" class=\"wp-block-themeisle-blocks-slider-item\" src=\"https:\/\/www.dokuzceyrek.com.tr\/wp-content\/uploads\/2023\/12\/R1.jpg\" alt=\"\" title=\"\" data-id=\"483\"\/><\/figure><\/div><div class=\"wp-block-themeisle-blocks-slider-item-wrapper glide__slide\" tabindex=\"0\"><figure><img decoding=\"async\" class=\"wp-block-themeisle-blocks-slider-item\" src=\"https:\/\/www.dokuzceyrek.com.tr\/wp-content\/uploads\/2023\/12\/R2.jpg\" alt=\"\" title=\"\" data-id=\"484\"\/><\/figure><\/div><\/div><div class=\"glide__bullets\" data-glide-el=\"controls[nav]\"><button class=\"glide__bullet\" data-glide-dir=\"=0\"><\/button><button class=\"glide__bullet\" data-glide-dir=\"=1\"><\/button><\/div><\/div><\/div>\n\n\n\n<div class=\"wp-block-columns are-vertically-aligned-center is-layout-flex wp-container-core-columns-is-layout-9d6595d7 wp-block-columns-is-layout-flex\"><\/div>\n\n\n\n<div style=\"height:0px\" aria-hidden=\"true\" class=\"wp-block-spacer\"><\/div>\n<\/div><\/div>\n<\/div><\/div>\n\n\n\n<div class=\"wp-block-cover alignfull\" style=\"min-height:420px;aspect-ratio:unset;\"><span aria-hidden=\"true\" class=\"wp-block-cover__background has-nv-light-bg-background-color has-background-dim-100 has-background-dim\"><\/span><div class=\"wp-block-cover__inner-container is-layout-flow wp-block-cover-is-layout-flow\">\n<h2 class=\"wp-block-heading has-text-align-center\"><mark style=\"background-color:rgba(0, 0, 0, 0)\" class=\"has-inline-color has-neve-link-color-color\">PROJELER\u0130M\u0130Z<\/mark><\/h2>\n\n\n\n<div style=\"height:0px\" aria-hidden=\"true\" class=\"wp-block-spacer\"><\/div>\n\n\n\n<div class=\"wp-block-columns is-layout-flex wp-container-core-columns-is-layout-9d6595d7 wp-block-columns-is-layout-flex\">\n<div class=\"wp-block-column ticss-4ce656f1 is-layout-flow wp-block-column-is-layout-flow\"><div class=\"wp-block-image is-resized is-style-rounded\">\n<figure class=\"aligncenter size-full\"><img loading=\"lazy\" decoding=\"async\" width=\"600\" height=\"600\" src=\"https:\/\/www.dokuzceyrek.com.tr\/wp-content\/uploads\/2023\/12\/Sosyal.jpg\" alt=\"\" class=\"wp-image-422\" style=\"width:200px\" srcset=\"https:\/\/www.dokuzceyrek.com.tr\/wp-content\/uploads\/2023\/12\/Sosyal.jpg 600w, https:\/\/www.dokuzceyrek.com.tr\/wp-content\/uploads\/2023\/12\/Sosyal-300x300.jpg 300w, https:\/\/www.dokuzceyrek.com.tr\/wp-content\/uploads\/2023\/12\/Sosyal-150x150.jpg 150w\" sizes=\"auto, (max-width: 600px) 100vw, 600px\" \/><\/figure>\n<\/div>\n\n\n<div style=\"height:24px\" aria-hidden=\"true\" class=\"wp-block-spacer\"><\/div>\n\n\n\n<p class=\"has-text-align-center has-neve-text-color-color has-text-color\"><strong><mark style=\"background-color:rgba(0, 0, 0, 0)\" class=\"has-inline-color has-neve-link-color-color\">SOSYAL MEDYA Y\u00d6NET\u0130M\u0130<\/mark><\/strong><\/p>\n\n\n\n<p class=\"has-text-align-center has-neve-text-color-color has-text-color\">Sosyal medya y\u00f6netimi ; i\u00e7erik \u00fcretme,hedef kitle ve rakip firma analizleri,sosyal medya hesaplar\u0131n\u0131n g\u00f6rsel d\u00fczenlemeleri gibi bir \u00e7ok konuda profesyonel destek sunuyoruz.<\/p>\n\n\n\n<div style=\"height:20px\" aria-hidden=\"true\" class=\"wp-block-spacer\"><\/div>\n<\/div>\n\n\n\n<div class=\"wp-block-column ticss-f6fc7494 is-layout-flow wp-block-column-is-layout-flow\"><div class=\"wp-block-image is-resized is-style-rounded\">\n<figure class=\"aligncenter size-full\"><img loading=\"lazy\" decoding=\"async\" width=\"600\" height=\"600\" src=\"https:\/\/www.dokuzceyrek.com.tr\/wp-content\/uploads\/2023\/12\/cekim.jpg\" alt=\"\" class=\"wp-image-423\" style=\"width:200px\" srcset=\"https:\/\/www.dokuzceyrek.com.tr\/wp-content\/uploads\/2023\/12\/cekim.jpg 600w, https:\/\/www.dokuzceyrek.com.tr\/wp-content\/uploads\/2023\/12\/cekim-300x300.jpg 300w, https:\/\/www.dokuzceyrek.com.tr\/wp-content\/uploads\/2023\/12\/cekim-150x150.jpg 150w\" sizes=\"auto, (max-width: 600px) 100vw, 600px\" \/><\/figure>\n<\/div>\n\n\n<div style=\"height:24px\" aria-hidden=\"true\" class=\"wp-block-spacer\"><\/div>\n\n\n\n<p class=\"has-text-align-center has-neve-text-color-color has-text-color\"><strong><mark style=\"background-color:rgba(0, 0, 0, 0)\" class=\"has-inline-color has-neve-link-color-color\">TANITIM F\u0130LM\u0130 &amp; FOTO\u011eRAF \u00c7EK\u0130M\u0130<\/mark><\/strong><\/p>\n\n\n\n<p class=\"has-text-align-center has-neve-text-color-color has-text-color\">\u0130\u015fletmeler i\u00e7in en gerekli unsurlar\u0131n ba\u015f\u0131nda tan\u0131t\u0131m filmi gelmektedir.\u00d6zellikle dijital pazara a\u00e7\u0131lmay\u0131 d\u00fc\u015f\u00fcnen i\u015fletmeler i\u00e7in i\u00e7eri\u011finin detayl\u0131 anlat\u0131ld\u0131\u011f\u0131 filmler sizi \u00f6n plana \u00e7\u0131karacakt\u0131r.<\/p>\n\n\n\n<div style=\"height:20px\" aria-hidden=\"true\" class=\"wp-block-spacer\"><\/div>\n<\/div>\n\n\n\n<div class=\"wp-block-column ticss-a5b4df29 is-layout-flow wp-block-column-is-layout-flow\"><div class=\"wp-block-image is-resized is-style-rounded\">\n<figure class=\"aligncenter size-large\"><img loading=\"lazy\" decoding=\"async\" width=\"1024\" height=\"1024\" src=\"https:\/\/www.dokuzceyrek.com.tr\/wp-content\/uploads\/2023\/12\/2keyboard-www-1024x1024.jpg\" alt=\"\" class=\"wp-image-428\" style=\"width:200px\" srcset=\"https:\/\/www.dokuzceyrek.com.tr\/wp-content\/uploads\/2023\/12\/2keyboard-www-1024x1024.jpg 1024w, https:\/\/www.dokuzceyrek.com.tr\/wp-content\/uploads\/2023\/12\/2keyboard-www-300x300.jpg 300w, https:\/\/www.dokuzceyrek.com.tr\/wp-content\/uploads\/2023\/12\/2keyboard-www-150x150.jpg 150w, https:\/\/www.dokuzceyrek.com.tr\/wp-content\/uploads\/2023\/12\/2keyboard-www-768x768.jpg 768w, https:\/\/www.dokuzceyrek.com.tr\/wp-content\/uploads\/2023\/12\/2keyboard-www-1536x1536.jpg 1536w, https:\/\/www.dokuzceyrek.com.tr\/wp-content\/uploads\/2023\/12\/2keyboard-www-2048x2048.jpg 2048w\" sizes=\"auto, (max-width: 1024px) 100vw, 1024px\" \/><\/figure>\n<\/div>\n\n\n<div style=\"height:24px\" aria-hidden=\"true\" class=\"wp-block-spacer\"><\/div>\n\n\n\n<p class=\"has-text-align-center has-neve-text-color-color has-text-color\"><strong><mark style=\"background-color:rgba(0, 0, 0, 0)\" class=\"has-inline-color has-neve-link-color-color\">WEB S\u0130TE &amp; GRAF\u0130K TASARIM<\/mark><\/strong><\/p>\n\n\n\n<p class=\"has-text-align-center has-neve-text-color-color has-text-color\">Marka bilinirli\u011fini \u00fcst s\u0131ralara ta\u015f\u0131mak ve Google aramalar\u0131nda \u00f6n plana \u00e7\u0131kmak istiyorsan\u0131z web sitesi en etkili y\u00f6ntemdir. Ayr\u0131ca kurumsal kimli\u011finizi olu\u015ftururkende ihtiyac\u0131n\u0131z olacakt\u0131r.<\/p>\n\n\n\n<div style=\"height:20px\" aria-hidden=\"true\" class=\"wp-block-spacer\"><\/div>\n<\/div>\n<\/div>\n\n\n\n<div style=\"height:30px\" aria-hidden=\"true\" class=\"wp-block-spacer\"><\/div>\n<\/div><\/div>\n\n\n\n<div class=\"wp-block-cover alignfull\" style=\"min-height:300px;aspect-ratio:unset;\"><span aria-hidden=\"true\" class=\"wp-block-cover__background has-nv-dark-bg-background-color has-background-dim-100 has-background-dim\"><\/span><div class=\"wp-block-cover__inner-container is-layout-flow wp-block-cover-is-layout-flow\">\n<div style=\"height:140px\" aria-hidden=\"true\" class=\"wp-block-spacer\"><\/div>\n\n\n\n<h2 class=\"wp-block-heading has-text-align-center has-nv-text-dark-bg-color has-text-color\">Projelerimiz Hakk\u0131nda Detayl\u0131 Bilgi Almak<br>Ve Akl\u0131n\u0131za Tak\u0131lanlar\u0131 Sormak \u0130\u00e7in;<\/h2>\n\n\n\n<p class=\"has-text-align-center\">B\u0130Z\u0130MLE HEMEN \u0130LET\u0130\u015e\u0130ME GE\u00c7EB\u0130L\u0130RS\u0130N\u0130Z<\/p>\n\n\n\n<div class=\"wp-block-buttons is-horizontal is-content-justification-center is-layout-flex wp-container-core-buttons-is-layout-499968f5 wp-block-buttons-is-layout-flex\">\n<div class=\"wp-block-button is-style-primary\"><a class=\"wp-block-button__link wp-element-button\" href=\"http:\/\/wa.me\/+905416808889\" target=\"_blank\" rel=\"noreferrer noopener\">WHATSAPP \u00dcZER\u0130NDEN G\u00d6R\u00dc\u015eMEK \u0130\u00c7\u0130N<\/a><\/div>\n<\/div>\n\n\n\n<div style=\"height:140px\" aria-hidden=\"true\" class=\"wp-block-spacer\"><\/div>\n<\/div><\/div>\n","protected":false},"excerpt":{"rendered":"<p>SOSYAL MEDYA Y\u00d6NET\u0130M\u0130 Mersin&#8217;de sosyal medya y\u00f6netimi konusunda i\u015fletmenizi di\u011fer rakiplerinizden ileriye ta\u015f\u0131man\u0131n tek yolu kaliteli ve farkl\u0131 olmakt\u0131r. TANITIM F\u0130LM\u0130 Dijital pazara a\u00e7\u0131lmak isteyen i\u015fletmelerin i\u00e7eriklerinin en etkili sunum y\u00f6ntemiz do\u011fru bir tan\u0131t\u0131m filminden ge\u00e7mektedir. WEB S\u0130TE TASARIMI Marka bilinirli\u011fini artt\u0131rmak ve Google aramalar\u0131nda ilk s\u0131ralarda olmak istiyorsan\u0131z web site \u00e7\u00f6z\u00fcm\u00fc sizin i\u00e7in en&hellip;&nbsp;<a href=\"https:\/\/www.dokuzceyrek.com.tr\/\" rel=\"bookmark\">Read More &raquo;<span class=\"screen-reader-text\">Anasayfa<\/span><\/a><\/p>\n","protected":false},"author":1,"featured_media":0,"parent":0,"menu_order":0,"comment_status":"closed","ping_status":"closed","template":"","meta":{"neve_meta_sidebar":"default","neve_meta_container":"default","neve_meta_enable_content_width":"on","neve_meta_content_width":100,"neve_meta_title_alignment":"","neve_meta_author_avatar":"","neve_post_elements_order":"","neve_meta_disable_header":"","neve_meta_disable_footer":"","neve_meta_disable_title":"on","neve_meta_reading_time":"","_themeisle_gutenberg_block_has_review":false,"footnotes":""},"class_list":["post-309","page","type-page","status-publish","hentry"],"_links":{"self":[{"href":"https:\/\/www.dokuzceyrek.com.tr\/index.php\/wp-json\/wp\/v2\/pages\/309","targetHints":{"allow":["GET"]}}],"collection":[{"href":"https:\/\/www.dokuzceyrek.com.tr\/index.php\/wp-json\/wp\/v2\/pages"}],"about":[{"href":"https:\/\/www.dokuzceyrek.com.tr\/index.php\/wp-json\/wp\/v2\/types\/page"}],"author":[{"embeddable":true,"href":"https:\/\/www.dokuzceyrek.com.tr\/index.php\/wp-json\/wp\/v2\/users\/1"}],"replies":[{"embeddable":true,"href":"https:\/\/www.dokuzceyrek.com.tr\/index.php\/wp-json\/wp\/v2\/comments?post=309"}],"version-history":[{"count":45,"href":"https:\/\/www.dokuzceyrek.com.tr\/index.php\/wp-json\/wp\/v2\/pages\/309\/revisions"}],"predecessor-version":[{"id":514,"href":"https:\/\/www.dokuzceyrek.com.tr\/index.php\/wp-json\/wp\/v2\/pages\/309\/revisions\/514"}],"wp:attachment":[{"href":"https:\/\/www.dokuzceyrek.com.tr\/index.php\/wp-json\/wp\/v2\/media?parent=309"}],"curies":[{"name":"wp","href":"https:\/\/api.w.org\/{rel}","templated":true}]}}